{"id":120316,"date":"2024-01-26T08:45:57","date_gmt":"2024-01-26T13:45:57","guid":{"rendered":"https:\/\/www.ciencuadras.com\/blog\/?page_id=120316"},"modified":"2026-04-20T09:32:55","modified_gmt":"2026-04-20T14:32:55","slug":"guias-de-barrios-en-cali","status":"publish","type":"page","link":"https:\/\/www.ciencuadras.com\/blog\/guias-de-barrios-en-cali","title":{"rendered":"Gu\u00edas de barrios en Cali"},"content":{"rendered":"\t\t<div data-elementor-type=\"wp-page\" data-elementor-id=\"120316\" class=\"elementor elementor-120316\" data-elementor-post-type=\"page\">\n\t\t\t\t\n\t\t<section class=\"elementor-section elementor-top-section elementor-element elementor-element-2493e93 elementor-section-boxed elementor-section-height-default elementor-section-height-default\" data-id=\"2493e93\" data-element_type=\"section\">\n\t\t\t\t\t\t<div class=\"elementor-container elementor-column-gap-default\">\n\t\t\t\t\t<div class=\"elementor-column elementor-col-33 elementor-top-column elementor-element elementor-element-203b931f\" data-id=\"203b931f\" data-element_type=\"column\">\n\t\t\t<div class=\"elementor-widget-wrap elementor-element-populated\">\n\t\t\t\t\t\t<div class=\"elementor-element elementor-element-25dfdb8d elementor-widget elementor-widget-image-box\" data-id=\"25dfdb8d\" data-element_type=\"widget\" data-widget_type=\"image-box.default\">\n\t\t\t\t<div class=\"elementor-widget-container\">\n\t\t\t<div class=\"elementor-image-box-wrapper\"><div class=\"elementor-image-box-content\"><h3 class=\"elementor-image-box-title\"><a href=\"https:\/\/www.ciencuadras.com\/blog\/guia-de-barrio-el-caney-cali\" target=\"_blank\">El Caney<\/a><\/h3><p class=\"elementor-image-box-description\">Si est\u00e1s planeando vivir o realizar inversi\u00f3n en finca ra\u00edz en el barrio El Caney en Cali, en Ciencuadras tenemos para ti las mejores opciones disponibles en el mercado, \u00a1Con\u00f3celas!<\/p><\/div><\/div>\t\t<\/div>\n\t\t\t\t<\/div>\n\t\t\t\t\t<\/div>\n\t\t<\/div>\n\t\t\t\t<div class=\"elementor-column elementor-col-33 elementor-top-column elementor-element elementor-element-3bdda019\" data-id=\"3bdda019\" data-element_type=\"column\">\n\t\t\t<div class=\"elementor-widget-wrap elementor-element-populated\">\n\t\t\t\t\t\t<div class=\"elementor-element elementor-element-3ff7b13 elementor-position-top elementor-widget elementor-widget-image-box\" data-id=\"3ff7b13\" data-element_type=\"widget\" data-widget_type=\"image-box.default\">\n\t\t\t\t<div class=\"elementor-widget-container\">\n\t\t\t<div class=\"elementor-image-box-wrapper\"><figure class=\"elementor-image-box-img\"><a href=\"https:\/\/www.ciencuadras.com\/blog\/guia-de-barrio-valle-de-lili-cali\" target=\"_blank\" tabindex=\"-1\"><img fetchpriority=\"high\" decoding=\"async\" width=\"1200\" height=\"628\" src=\"https:\/\/www.ciencuadras.com\/blog\/wp-content\/uploads\/2026\/04\/1200x630_Valle-del-Lili-1-1.jpg\" class=\"attachment-full size-full wp-image-131077\" alt=\"\" srcset=\"https:\/\/www.ciencuadras.com\/blog\/wp-content\/uploads\/2026\/04\/1200x630_Valle-del-Lili-1-1.jpg 1200w, https:\/\/www.ciencuadras.com\/blog\/wp-content\/uploads\/2026\/04\/1200x630_Valle-del-Lili-1-1-300x157.jpg 300w, https:\/\/www.ciencuadras.com\/blog\/wp-content\/uploads\/2026\/04\/1200x630_Valle-del-Lili-1-1-1024x536.jpg 1024w, https:\/\/www.ciencuadras.com\/blog\/wp-content\/uploads\/2026\/04\/1200x630_Valle-del-Lili-1-1-768x402.jpg 768w\" sizes=\"(max-width: 1200px) 100vw, 1200px\" \/><\/a><\/figure><div class=\"elementor-image-box-content\"><h3 class=\"elementor-image-box-title\"><a href=\"https:\/\/www.ciencuadras.com\/blog\/guia-de-barrio-valle-de-lili-cali\" target=\"_blank\">Valle de Lili<\/a><\/h3><p class=\"elementor-image-box-description\">Si est\u00e1s planeando vivir o realizar inversi\u00f3n en finca ra\u00edz en el barrio Valle de Lili en Cali, en Ciencuadras tenemos para ti las mejores opciones disponibles en el mercado, \u00a1Con\u00f3celas!<\/p><\/div><\/div>\t\t<\/div>\n\t\t\t\t<\/div>\n\t\t\t\t\t<\/div>\n\t\t<\/div>\n\t\t\t\t<div class=\"elementor-column elementor-col-33 elementor-top-column elementor-element elementor-element-7c50c902\" data-id=\"7c50c902\" data-element_type=\"column\">\n\t\t\t<div class=\"elementor-widget-wrap elementor-element-populated\">\n\t\t\t\t\t\t<div class=\"elementor-element elementor-element-40abb393 elementor-position-top elementor-widget elementor-widget-image-box\" data-id=\"40abb393\" data-element_type=\"widget\" data-widget_type=\"image-box.default\">\n\t\t\t\t<div class=\"elementor-widget-container\">\n\t\t\t<div class=\"elementor-image-box-wrapper\"><figure class=\"elementor-image-box-img\"><a href=\"https:\/\/www.ciencuadras.com\/blog\/guia-de-barrio-ciudad-jardin-cali\" target=\"_blank\" tabindex=\"-1\"><img decoding=\"async\" width=\"1200\" height=\"628\" src=\"https:\/\/www.ciencuadras.com\/blog\/wp-content\/uploads\/2026\/04\/1200x630_Ciudad-jardi\u0301n-1.jpg\" class=\"attachment-full size-full wp-image-131078\" alt=\"\" srcset=\"https:\/\/www.ciencuadras.com\/blog\/wp-content\/uploads\/2026\/04\/1200x630_Ciudad-jardi\u0301n-1.jpg 1200w, https:\/\/www.ciencuadras.com\/blog\/wp-content\/uploads\/2026\/04\/1200x630_Ciudad-jardi\u0301n-1-300x157.jpg 300w, https:\/\/www.ciencuadras.com\/blog\/wp-content\/uploads\/2026\/04\/1200x630_Ciudad-jardi\u0301n-1-1024x536.jpg 1024w, https:\/\/www.ciencuadras.com\/blog\/wp-content\/uploads\/2026\/04\/1200x630_Ciudad-jardi\u0301n-1-768x402.jpg 768w\" sizes=\"(max-width: 1200px) 100vw, 1200px\" \/><\/a><\/figure><div class=\"elementor-image-box-content\"><h3 class=\"elementor-image-box-title\"><a href=\"https:\/\/www.ciencuadras.com\/blog\/guia-de-barrio-ciudad-jardin-cali\" target=\"_blank\">Ciudad Jard\u00edn<\/a><\/h3><p class=\"elementor-image-box-description\">Si est\u00e1s planeando vivir o realizar inversi\u00f3n en finca ra\u00edz en el barrio Ciudad Jard\u00edn en Cali, en Ciencuadras tenemos para ti las mejores opciones disponibles en el mercado, \u00a1Con\u00f3celas!<\/p><\/div><\/div>\t\t<\/div>\n\t\t\t\t<\/div>\n\t\t\t\t\t<\/div>\n\t\t<\/div>\n\t\t\t\t\t<\/div>\n\t\t<\/section>\n\t\t\t\t<section class=\"elementor-section elementor-top-section elementor-element elementor-element-ae462fc elementor-section-boxed elementor-section-height-default elementor-section-height-default\" data-id=\"ae462fc\" data-element_type=\"section\">\n\t\t\t\t\t\t<div class=\"elementor-container elementor-column-gap-default\">\n\t\t\t\t\t<div class=\"elementor-column elementor-col-100 elementor-top-column elementor-element elementor-element-8df97af\" data-id=\"8df97af\" data-element_type=\"column\">\n\t\t\t<div class=\"elementor-widget-wrap elementor-element-populated\">\n\t\t\t\t\t\t<div class=\"elementor-element elementor-element-c97989f elementor-widget elementor-widget-spacer\" data-id=\"c97989f\" data-element_type=\"widget\" data-widget_type=\"spacer.default\">\n\t\t\t\t<div class=\"elementor-widget-container\">\n\t\t\t\t\t<div class=\"elementor-spacer\">\n\t\t\t<div class=\"elementor-spacer-inner\"><\/div>\n\t\t<\/div>\n\t\t\t\t<\/div>\n\t\t\t\t<\/div>\n\t\t\t\t\t<\/div>\n\t\t<\/div>\n\t\t\t\t\t<\/div>\n\t\t<\/section>\n\t\t\t\t<section class=\"elementor-section elementor-top-section elementor-element elementor-element-6a179e7 elementor-section-boxed elementor-section-height-default elementor-section-height-default\" data-id=\"6a179e7\" data-element_type=\"section\">\n\t\t\t\t\t\t<div class=\"elementor-container elementor-column-gap-default\">\n\t\t\t\t\t<div class=\"elementor-column elementor-col-33 elementor-top-column elementor-element elementor-element-4dd104e1\" data-id=\"4dd104e1\" data-element_type=\"column\">\n\t\t\t<div class=\"elementor-widget-wrap elementor-element-populated\">\n\t\t\t\t\t\t<div class=\"elementor-element elementor-element-5f5041ab elementor-position-top elementor-widget elementor-widget-image-box\" data-id=\"5f5041ab\" data-element_type=\"widget\" data-widget_type=\"image-box.default\">\n\t\t\t\t<div class=\"elementor-widget-container\">\n\t\t\t<div class=\"elementor-image-box-wrapper\"><figure class=\"elementor-image-box-img\"><a href=\"https:\/\/www.ciencuadras.com\/blog\/guia-de-barrio-san-fernando-cali\" target=\"_blank\" tabindex=\"-1\"><img decoding=\"async\" width=\"1200\" height=\"628\" src=\"https:\/\/www.ciencuadras.com\/blog\/wp-content\/uploads\/2026\/04\/1200x630_San-Fernando-1.jpg\" class=\"attachment-full size-full wp-image-131080\" alt=\"\" srcset=\"https:\/\/www.ciencuadras.com\/blog\/wp-content\/uploads\/2026\/04\/1200x630_San-Fernando-1.jpg 1200w, https:\/\/www.ciencuadras.com\/blog\/wp-content\/uploads\/2026\/04\/1200x630_San-Fernando-1-300x157.jpg 300w, https:\/\/www.ciencuadras.com\/blog\/wp-content\/uploads\/2026\/04\/1200x630_San-Fernando-1-1024x536.jpg 1024w, https:\/\/www.ciencuadras.com\/blog\/wp-content\/uploads\/2026\/04\/1200x630_San-Fernando-1-768x402.jpg 768w\" sizes=\"(max-width: 1200px) 100vw, 1200px\" \/><\/a><\/figure><div class=\"elementor-image-box-content\"><h3 class=\"elementor-image-box-title\"><a href=\"https:\/\/www.ciencuadras.com\/blog\/guia-de-barrio-san-fernando-cali\" target=\"_blank\">San Fernando<\/a><\/h3><p class=\"elementor-image-box-description\">Si est\u00e1s planeando vivir o realizar una inversi\u00f3n en finca ra\u00edz en el barrio San Fernando, en Ciencuadras tenemos para ti las mejores opciones disponibles en el mercado, \u00a1Con\u00f3celas!<\/p><\/div><\/div>\t\t<\/div>\n\t\t\t\t<\/div>\n\t\t\t\t\t<\/div>\n\t\t<\/div>\n\t\t\t\t<div class=\"elementor-column elementor-col-33 elementor-top-column elementor-element elementor-element-5628d017\" data-id=\"5628d017\" data-element_type=\"column\">\n\t\t\t<div class=\"elementor-widget-wrap\">\n\t\t\t\t\t\t\t<\/div>\n\t\t<\/div>\n\t\t\t\t<div class=\"elementor-column elementor-col-33 elementor-top-column elementor-element elementor-element-4b60b3c4\" data-id=\"4b60b3c4\" data-element_type=\"column\">\n\t\t\t<div class=\"elementor-widget-wrap\">\n\t\t\t\t\t\t\t<\/div>\n\t\t<\/div>\n\t\t\t\t\t<\/div>\n\t\t<\/section>\n\t\t\t\t<\/div>\n\t\t\n","protected":false},"excerpt":{"rendered":"<p>El Caney Si est\u00e1s planeando vivir o realizar inversi\u00f3n en finca ra\u00edz en el barrio El Caney en Cali, en Ciencuadras tenemos para ti las &hellip;<\/p>\n","protected":false},"author":9,"featured_media":0,"parent":0,"menu_order":0,"comment_status":"closed","ping_status":"closed","template":"","meta":{"footnotes":""},"acf":[],"yoast_head":"<!-- This site is optimized with the Yoast SEO plugin v15.9 - https:\/\/yoast.com\/wordpress\/plugins\/seo\/ -->\n<title>Gu\u00edas de barrios en Cali l Ciencuadras<\/title>\n<meta name=\"description\" content=\"Conoce todo sobre los barrios de Cali, su historia e informaci\u00f3n del sector inmobiliario, encuentra apartamentos, casas y proyectos de vivienda.\" \/>\n<meta name=\"robots\" content=\"index, follow, max-snippet:-1, max-image-preview:large, max-video-preview:-1\" \/>\n<link rel=\"canonical\" href=\"https:\/\/www.ciencuadras.com\/blog\/guias-de-barrios-en-cali\" \/>\n<meta property=\"og:locale\" content=\"es_ES\" \/>\n<meta property=\"og:type\" content=\"article\" \/>\n<meta property=\"og:title\" content=\"Gu\u00edas de barrios en Cali l Ciencuadras\" \/>\n<meta property=\"og:description\" content=\"Conoce todo sobre los barrios de Cali, su historia e informaci\u00f3n del sector inmobiliario, encuentra apartamentos, casas y proyectos de vivienda.\" \/>\n<meta property=\"og:url\" content=\"https:\/\/www.ciencuadras.com\/blog\/guias-de-barrios-en-cali\" \/>\n<meta property=\"article:publisher\" content=\"https:\/\/www.facebook.com\/ciencuadras\/\" \/>\n<meta property=\"article:modified_time\" content=\"2026-04-20T14:32:55+00:00\" \/>\n<meta property=\"og:image\" content=\"https:\/\/www.ciencuadras.com\/blog\/wp-content\/uploads\/2026\/04\/1200x630_Valle-del-Lili-1-1.jpg\" \/>\n<meta name=\"twitter:card\" content=\"summary_large_image\" \/>\n<meta name=\"twitter:site\" content=\"@ciencuadras\" \/>\n<meta name=\"twitter:label1\" content=\"Est. reading time\">\n\t<meta name=\"twitter:data1\" content=\"2 minutos\">\n<script type=\"application\/ld+json\" class=\"yoast-schema-graph\">{\"@context\":\"https:\/\/schema.org\",\"@graph\":[{\"@type\":\"Organization\",\"@id\":\"https:\/\/www.ciencuadras.com\/blog\/#organization\",\"name\":\"Ciencuadras.com\",\"url\":\"https:\/\/www.ciencuadras.com\/blog\/\",\"sameAs\":[\"https:\/\/www.facebook.com\/ciencuadras\/\",\"https:\/\/www.instagram.com\/ciencuadras\/\",\"https:\/\/co.linkedin.com\/company\/ciencuadras\",\"https:\/\/www.youtube.com\/channel\/UC_f830HP5dUy6OjBIbjtlAw\",\"https:\/\/twitter.com\/ciencuadras\"],\"logo\":{\"@type\":\"ImageObject\",\"@id\":\"https:\/\/www.ciencuadras.com\/blog\/#logo\",\"inLanguage\":\"es-CO\",\"url\":\"\",\"caption\":\"Ciencuadras.com\"},\"image\":{\"@id\":\"https:\/\/www.ciencuadras.com\/blog\/#logo\"}},{\"@type\":\"WebSite\",\"@id\":\"https:\/\/www.ciencuadras.com\/blog\/#website\",\"url\":\"https:\/\/www.ciencuadras.com\/blog\/\",\"name\":\"\",\"description\":\"\",\"publisher\":{\"@id\":\"https:\/\/www.ciencuadras.com\/blog\/#organization\"},\"potentialAction\":[{\"@type\":\"SearchAction\",\"target\":\"https:\/\/www.ciencuadras.com\/blog\/?s={search_term_string}\",\"query-input\":\"required name=search_term_string\"}],\"inLanguage\":\"es-CO\"},{\"@type\":\"ImageObject\",\"@id\":\"https:\/\/www.ciencuadras.com\/blog\/guias-de-barrios-en-cali#primaryimage\",\"inLanguage\":\"es-CO\",\"url\":\"https:\/\/www.ciencuadras.com\/blog\/wp-content\/uploads\/2026\/04\/1200x630_Valle-del-Lili-1-1.jpg\",\"width\":1200,\"height\":628},{\"@type\":\"WebPage\",\"@id\":\"https:\/\/www.ciencuadras.com\/blog\/guias-de-barrios-en-cali#webpage\",\"url\":\"https:\/\/www.ciencuadras.com\/blog\/guias-de-barrios-en-cali\",\"name\":\"Gu\\u00edas de barrios en Cali l Ciencuadras\",\"isPartOf\":{\"@id\":\"https:\/\/www.ciencuadras.com\/blog\/#website\"},\"primaryImageOfPage\":{\"@id\":\"https:\/\/www.ciencuadras.com\/blog\/guias-de-barrios-en-cali#primaryimage\"},\"datePublished\":\"2024-01-26T13:45:57+00:00\",\"dateModified\":\"2026-04-20T14:32:55+00:00\",\"description\":\"Conoce todo sobre los barrios de Cali, su historia e informaci\\u00f3n del sector inmobiliario, encuentra apartamentos, casas y proyectos de vivienda.\",\"breadcrumb\":{\"@id\":\"https:\/\/www.ciencuadras.com\/blog\/guias-de-barrios-en-cali#breadcrumb\"},\"inLanguage\":\"es-CO\",\"potentialAction\":[{\"@type\":\"ReadAction\",\"target\":[\"https:\/\/www.ciencuadras.com\/blog\/guias-de-barrios-en-cali\"]}]},{\"@type\":\"BreadcrumbList\",\"@id\":\"https:\/\/www.ciencuadras.com\/blog\/guias-de-barrios-en-cali#breadcrumb\",\"itemListElement\":[{\"@type\":\"ListItem\",\"position\":1,\"item\":{\"@type\":\"WebPage\",\"@id\":\"https:\/\/www.ciencuadras.com\/blog\",\"url\":\"https:\/\/www.ciencuadras.com\/blog\",\"name\":\"Blog\"}},{\"@type\":\"ListItem\",\"position\":2,\"item\":{\"@type\":\"WebPage\",\"@id\":\"https:\/\/www.ciencuadras.com\/blog\/guias-de-barrios-en-cali\",\"url\":\"https:\/\/www.ciencuadras.com\/blog\/guias-de-barrios-en-cali\",\"name\":\"Gu\\u00edas de barrios en Cali\"}}]}]}<\/script>\n<!-- \/ Yoast SEO plugin. -->","_links":{"self":[{"href":"https:\/\/www.ciencuadras.com\/blog\/wp-json\/wp\/v2\/pages\/120316"}],"collection":[{"href":"https:\/\/www.ciencuadras.com\/blog\/wp-json\/wp\/v2\/pages"}],"about":[{"href":"https:\/\/www.ciencuadras.com\/blog\/wp-json\/wp\/v2\/types\/page"}],"author":[{"embeddable":true,"href":"https:\/\/www.ciencuadras.com\/blog\/wp-json\/wp\/v2\/users\/9"}],"replies":[{"embeddable":true,"href":"https:\/\/www.ciencuadras.com\/blog\/wp-json\/wp\/v2\/comments?post=120316"}],"version-history":[{"count":25,"href":"https:\/\/www.ciencuadras.com\/blog\/wp-json\/wp\/v2\/pages\/120316\/revisions"}],"predecessor-version":[{"id":131083,"href":"https:\/\/www.ciencuadras.com\/blog\/wp-json\/wp\/v2\/pages\/120316\/revisions\/131083"}],"wp:attachment":[{"href":"https:\/\/www.ciencuadras.com\/blog\/wp-json\/wp\/v2\/media?parent=120316"}],"curies":[{"name":"wp","href":"https:\/\/api.w.org\/{rel}","templated":true}]}}