{"id":93927,"date":"2021-11-02T11:15:36","date_gmt":"2021-11-02T16:15:36","guid":{"rendered":"https:\/\/www.ciencuadras.com\/blog\/?page_id=93927"},"modified":"2021-11-02T11:23:02","modified_gmt":"2021-11-02T16:23:02","slug":"documentos-inmobiliarios","status":"publish","type":"page","link":"https:\/\/www.ciencuadras.com\/blog\/documentos-inmobiliarios","title":{"rendered":"Documentos Inmobiliarios"},"content":{"rendered":"\t\t<div data-elementor-type=\"wp-page\" data-elementor-id=\"93927\" class=\"elementor elementor-93927\" data-elementor-post-type=\"page\">\n\t\t\t\t\n\t\t<section class=\"elementor-section elementor-top-section elementor-element elementor-element-15572154 elementor-section-boxed elementor-section-height-default elementor-section-height-default\" data-id=\"15572154\" data-element_type=\"section\">\n\t\t\t\t\t\t<div class=\"elementor-container elementor-column-gap-wider\">\n\t\t\t\t\t<div class=\"elementor-column elementor-col-33 elementor-top-column elementor-element elementor-element-533b9cb7\" data-id=\"533b9cb7\" data-element_type=\"column\">\n\t\t\t<div class=\"elementor-widget-wrap elementor-element-populated\">\n\t\t\t\t\t\t<div class=\"elementor-element elementor-element-78c164df elementor-position-top elementor-widget elementor-widget-image-box\" data-id=\"78c164df\" data-element_type=\"widget\" data-widget_type=\"image-box.default\">\n\t\t\t\t<div class=\"elementor-widget-container\">\n\t\t\t<div class=\"elementor-image-box-wrapper\"><figure class=\"elementor-image-box-img\"><a href=\"https:\/\/www.ciencuadras.com\/blog\/contrato-de-arrendamiento-vivienda-urbana\" target=\"_blank\" tabindex=\"-1\"><img fetchpriority=\"high\" decoding=\"async\" width=\"1000\" height=\"667\" src=\"https:\/\/www.ciencuadras.com\/blog\/wp-content\/uploads\/2019\/06\/contrato-ley820.jpg\" class=\"attachment-full size-full wp-image-74149\" alt=\"contrato ley820\" srcset=\"https:\/\/www.ciencuadras.com\/blog\/wp-content\/uploads\/2019\/06\/contrato-ley820.jpg 1000w, https:\/\/www.ciencuadras.com\/blog\/wp-content\/uploads\/2019\/06\/contrato-ley820-600x400.jpg 600w, https:\/\/www.ciencuadras.com\/blog\/wp-content\/uploads\/2019\/06\/contrato-ley820-300x200.jpg 300w, https:\/\/www.ciencuadras.com\/blog\/wp-content\/uploads\/2019\/06\/contrato-ley820-768x512.jpg 768w\" sizes=\"(max-width: 1000px) 100vw, 1000px\" \/><\/a><\/figure><div class=\"elementor-image-box-content\"><h3 class=\"elementor-image-box-title\"><a href=\"https:\/\/www.ciencuadras.com\/blog\/contrato-de-arrendamiento-vivienda-urbana\" target=\"_blank\">Contrato de arrendamiento vivienda urbana<\/a><\/h3><p class=\"elementor-image-box-description\">Un contrato de arrendamiento es un acuerdo de tipo legal que se realiza para establecer las condiciones de uso y costo de un inmueble. Adem\u00e1s, se registran los datos de la propiedad, del arrendador (due\u00f1o) y del arrendatario (inquilino). <\/p><\/div><\/div>\t\t<\/div>\n\t\t\t\t<\/div>\n\t\t\t\t\t<\/div>\n\t\t<\/div>\n\t\t\t\t<div class=\"elementor-column elementor-col-33 elementor-top-column elementor-element elementor-element-5147fa2f\" data-id=\"5147fa2f\" data-element_type=\"column\">\n\t\t\t<div class=\"elementor-widget-wrap elementor-element-populated\">\n\t\t\t\t\t\t<div class=\"elementor-element elementor-element-52c82985 elementor-position-top elementor-widget elementor-widget-image-box\" data-id=\"52c82985\" data-element_type=\"widget\" data-widget_type=\"image-box.default\">\n\t\t\t\t<div class=\"elementor-widget-container\">\n\t\t\t<div class=\"elementor-image-box-wrapper\"><figure class=\"elementor-image-box-img\"><a href=\"https:\/\/www.ciencuadras.com\/blog\/carta-de-terminacion-de-contrato-de-arrendamiento\" target=\"_blank\" tabindex=\"-1\"><img decoding=\"async\" width=\"1000\" height=\"667\" src=\"https:\/\/www.ciencuadras.com\/blog\/wp-content\/uploads\/2020\/03\/pareja-revisando-contrato-de-arrendamiento.jpg\" class=\"attachment-full size-full wp-image-78249\" alt=\"pareja-revisando-contrato-de-arrendamiento\" srcset=\"https:\/\/www.ciencuadras.com\/blog\/wp-content\/uploads\/2020\/03\/pareja-revisando-contrato-de-arrendamiento.jpg 1000w, https:\/\/www.ciencuadras.com\/blog\/wp-content\/uploads\/2020\/03\/pareja-revisando-contrato-de-arrendamiento-600x400.jpg 600w, https:\/\/www.ciencuadras.com\/blog\/wp-content\/uploads\/2020\/03\/pareja-revisando-contrato-de-arrendamiento-300x200.jpg 300w, https:\/\/www.ciencuadras.com\/blog\/wp-content\/uploads\/2020\/03\/pareja-revisando-contrato-de-arrendamiento-768x512.jpg 768w\" sizes=\"(max-width: 1000px) 100vw, 1000px\" \/><\/a><\/figure><div class=\"elementor-image-box-content\"><h3 class=\"elementor-image-box-title\"><a href=\"https:\/\/www.ciencuadras.com\/blog\/carta-de-terminacion-de-contrato-de-arrendamiento\" target=\"_blank\">Carta de terminaci\u00f3n de contrato de arrendamiento<\/a><\/h3><p class=\"elementor-image-box-description\">Una carta de terminaci\u00f3n de contrato de arrendamiento es una comunicaci\u00f3n escrita que una de las partes involucradas en el acuerdo env\u00eda a la otra, con el prop\u00f3sito de notificar la finalizaci\u00f3n del pacto, inicialmente establecido. <\/p><\/div><\/div>\t\t<\/div>\n\t\t\t\t<\/div>\n\t\t\t\t\t<\/div>\n\t\t<\/div>\n\t\t\t\t<div class=\"elementor-column elementor-col-33 elementor-top-column elementor-element elementor-element-c1bb5b\" data-id=\"c1bb5b\" data-element_type=\"column\">\n\t\t\t<div class=\"elementor-widget-wrap elementor-element-populated\">\n\t\t\t\t\t\t<div class=\"elementor-element elementor-element-3f4086f5 elementor-position-top elementor-widget elementor-widget-image-box\" data-id=\"3f4086f5\" data-element_type=\"widget\" data-widget_type=\"image-box.default\">\n\t\t\t\t<div class=\"elementor-widget-container\">\n\t\t\t<div class=\"elementor-image-box-wrapper\"><figure class=\"elementor-image-box-img\"><a href=\"https:\/\/www.ciencuadras.com\/blog\/contrato-de-arrendamiento-para-locales-comerciales\" target=\"_blank\" tabindex=\"-1\"><img decoding=\"async\" width=\"1366\" height=\"900\" src=\"https:\/\/www.ciencuadras.com\/blog\/wp-content\/uploads\/2019\/10\/Contrato-de-arras.jpg\" class=\"attachment-full size-full wp-image-75231\" alt=\"Contrato de arras\" srcset=\"https:\/\/www.ciencuadras.com\/blog\/wp-content\/uploads\/2019\/10\/Contrato-de-arras.jpg 1366w, https:\/\/www.ciencuadras.com\/blog\/wp-content\/uploads\/2019\/10\/Contrato-de-arras-600x395.jpg 600w, https:\/\/www.ciencuadras.com\/blog\/wp-content\/uploads\/2019\/10\/Contrato-de-arras-300x198.jpg 300w, https:\/\/www.ciencuadras.com\/blog\/wp-content\/uploads\/2019\/10\/Contrato-de-arras-768x506.jpg 768w, https:\/\/www.ciencuadras.com\/blog\/wp-content\/uploads\/2019\/10\/Contrato-de-arras-1024x675.jpg 1024w\" sizes=\"(max-width: 1366px) 100vw, 1366px\" \/><\/a><\/figure><div class=\"elementor-image-box-content\"><h3 class=\"elementor-image-box-title\"><a href=\"https:\/\/www.ciencuadras.com\/blog\/contrato-de-arrendamiento-para-locales-comerciales\" target=\"_blank\">Contrato de arrendamiento para locales comerciales<\/a><\/h3><p class=\"elementor-image-box-description\">Es un documento escrito, que contiene el acuerdo entre el propietario de un local comercial y la persona que va a utilizar ese inmueble. Este convenio de arriendo se realiza por un periodo de tiempo, dentro del cual, el inquilino se compromete a pagar al arrendador o propietario un canon mensual.\n<\/p><\/div><\/div>\t\t<\/div>\n\t\t\t\t<\/div>\n\t\t\t\t\t<\/div>\n\t\t<\/div>\n\t\t\t\t\t<\/div>\n\t\t<\/section>\n\t\t\t\t<section class=\"elementor-section elementor-top-section elementor-element elementor-element-162d43bf elementor-section-boxed elementor-section-height-default elementor-section-height-default\" data-id=\"162d43bf\" data-element_type=\"section\">\n\t\t\t\t\t\t<div class=\"elementor-container elementor-column-gap-default\">\n\t\t\t\t\t<div class=\"elementor-column elementor-col-100 elementor-top-column elementor-element elementor-element-75417a2c\" data-id=\"75417a2c\" data-element_type=\"column\">\n\t\t\t<div class=\"elementor-widget-wrap elementor-element-populated\">\n\t\t\t\t\t\t<div class=\"elementor-element elementor-element-6c93bec5 elementor-widget elementor-widget-heading\" data-id=\"6c93bec5\" data-element_type=\"widget\" data-widget_type=\"heading.default\">\n\t\t\t\t<div class=\"elementor-widget-container\">\n\t\t\t<h2 class=\"elementor-heading-title elementor-size-default\">Propiedades Sugeridas en Colombia<\/h2>\t\t<\/div>\n\t\t\t\t<\/div>\n\t\t\t\t\t<\/div>\n\t\t<\/div>\n\t\t\t\t\t<\/div>\n\t\t<\/section>\n\t\t\t\t<section class=\"elementor-section elementor-top-section elementor-element elementor-element-1a530111 elementor-section-boxed elementor-section-height-default elementor-section-height-default\" data-id=\"1a530111\" data-element_type=\"section\">\n\t\t\t\t\t\t<div class=\"elementor-container elementor-column-gap-default\">\n\t\t\t\t\t<div class=\"elementor-column elementor-col-25 elementor-top-column elementor-element elementor-element-50cec80c\" data-id=\"50cec80c\" data-element_type=\"column\">\n\t\t\t<div class=\"elementor-widget-wrap elementor-element-populated\">\n\t\t\t\t\t\t<div class=\"elementor-element elementor-element-45e83213 elementor-widget elementor-widget-text-editor\" data-id=\"45e83213\" data-element_type=\"widget\" data-widget_type=\"text-editor.default\">\n\t\t\t\t<div class=\"elementor-widget-container\">\n\t\t\t\t\t\t\t<p><a href=\"https:\/\/www.ciencuadras.com\/proyectos-vivienda-nueva\/bogota\/?autopauta=Ambos_Link__SEO_\">Proyectos de vivienda en Bogot\u00e1<\/a><\/p><p><a href=\"https:\/\/www.ciencuadras.com\/proyectos-vivienda-nueva\/cali?autopauta=Ambos_Link__SEO_\">Proyectos de vivienda en Cali<\/a><\/p><p><a href=\"https:\/\/www.ciencuadras.com\/proyectos-vivienda-nueva\/zipaquira?autopauta=Ambos_Link__SEO_\">Proyectos de vivienda en Zipaquir\u00e1<\/a><\/p><p><a href=\"https:\/\/www.ciencuadras.com\/proyectos-vivienda-nueva\/cajica\/?autopauta=Ambos_Link__SEO_\">Proyectos de vivienda en Cajic\u00e1<\/a><\/p><p><a href=\"https:\/\/www.ciencuadras.com\/proyectos-vivienda-nueva\/medellin?autopauta=Ambos_Link__SEO_\">Proyectos de vivienda en Medell\u00edn<\/a><\/p><p><a href=\"https:\/\/www.ciencuadras.com\/proyectos-vivienda-nueva\/sabaneta?autopauta=Ambos_Link__SEO_\">Proyectos de vivienda\u00a0 en Sabaneta<\/a><\/p>\t\t\t\t\t\t<\/div>\n\t\t\t\t<\/div>\n\t\t\t\t\t<\/div>\n\t\t<\/div>\n\t\t\t\t<div class=\"elementor-column elementor-col-25 elementor-top-column elementor-element elementor-element-3a1579dd\" data-id=\"3a1579dd\" data-element_type=\"column\">\n\t\t\t<div class=\"elementor-widget-wrap elementor-element-populated\">\n\t\t\t\t\t\t<div class=\"elementor-element elementor-element-6a3876d elementor-widget elementor-widget-text-editor\" data-id=\"6a3876d\" data-element_type=\"widget\" data-widget_type=\"text-editor.default\">\n\t\t\t\t<div class=\"elementor-widget-container\">\n\t\t\t\t\t\t\t<p><a href=\"https:\/\/www.ciencuadras.com\/arriendo\/bogota\/apartamento?autopauta=Ambos_Link__SEO_\">Apartamentos en Arriendo en Bogot\u00e1<\/a><\/p><p><a href=\"https:\/\/www.ciencuadras.com\/arriendo\/bogota\/bosa\/apartamento?autopauta=Ambos_Link__SEO_\">Apartamentos en arriendo en Bosa Bogot\u00e1<\/a><\/p><p><a href=\"https:\/\/www.ciencuadras.com\/arriendo\/bucaramanga\/apartamento?autopauta=Ambos_Link__SEO_\">Apartamentos en Arriendo en Bucaramanga<\/a><\/p><p><a href=\"https:\/\/www.ciencuadras.com\/arriendo\/cali\/apartamento?autopauta=Ambos_Link__SEO_\">Apartamentos en Arriendo en Cali<\/a><\/p><p><a href=\"https:\/\/www.ciencuadras.com\/arriendo\/bogota\/kennedy\/castilla\/apartamento?autopauta=Ambos_Link__SEO_\">Apartamentos en arriendo en Castilla Bogot\u00e1<\/a><\/p><p><a href=\"https:\/\/www.ciencuadras.com\/arriendo\/bogota\/usaquen\/cedritos\/apartamento?autopauta=Ambos_Link__SEO_\">Apartamentos en arriendo en Cedritos Bogot\u00e1<\/a><\/p>\t\t\t\t\t\t<\/div>\n\t\t\t\t<\/div>\n\t\t\t\t\t<\/div>\n\t\t<\/div>\n\t\t\t\t<div class=\"elementor-column elementor-col-25 elementor-top-column elementor-element elementor-element-75f5d520\" data-id=\"75f5d520\" data-element_type=\"column\">\n\t\t\t<div class=\"elementor-widget-wrap elementor-element-populated\">\n\t\t\t\t\t\t<div class=\"elementor-element elementor-element-29005847 elementor-widget elementor-widget-text-editor\" data-id=\"29005847\" data-element_type=\"widget\" data-widget_type=\"text-editor.default\">\n\t\t\t\t<div class=\"elementor-widget-container\">\n\t\t\t\t\t\t\t<p><a href=\"https:\/\/www.ciencuadras.com\/venta\/barranquilla\/apartamento?autopauta=Ambos_Link__SEO_\">Apartamentos en Venta en Barranquilla<\/a><\/p><p><a href=\"https:\/\/www.ciencuadras.com\/venta\/bello\/apartamento?autopauta=Ambos_Link__SEO_\">Apartamentos en Venta en Bello<\/a><\/p><p><a href=\"https:\/\/www.ciencuadras.com\/venta\/bogota\/apartamento?autopauta=Ambos_Link__SEO_\">Apartamentos en Venta en Bogot\u00e1<\/a><\/p><p><a href=\"https:\/\/www.ciencuadras.com\/venta\/bucaramanga\/apartamento?autopauta=Ambos_Link__SEO_\">Apartamentos en Venta en Bucaramanga<\/a><\/p><p><a href=\"https:\/\/www.ciencuadras.com\/venta\/cajica\/apartamento?autopauta=Ambos_Link__SEO_\">Apartamentos en Venta en Cajic\u00e1<\/a><\/p><p><a href=\"https:\/\/www.ciencuadras.com\/venta\/cali\/apartamento?autopauta=Ambos_Link__SEO_\">Apartamentos en Venta en Cali<\/a><\/p>\t\t\t\t\t\t<\/div>\n\t\t\t\t<\/div>\n\t\t\t\t\t<\/div>\n\t\t<\/div>\n\t\t\t\t<div class=\"elementor-column elementor-col-25 elementor-top-column elementor-element elementor-element-52e671d0\" data-id=\"52e671d0\" data-element_type=\"column\">\n\t\t\t<div class=\"elementor-widget-wrap elementor-element-populated\">\n\t\t\t\t\t\t<div class=\"elementor-element elementor-element-47a76286 elementor-widget elementor-widget-text-editor\" data-id=\"47a76286\" data-element_type=\"widget\" data-widget_type=\"text-editor.default\">\n\t\t\t\t<div class=\"elementor-widget-container\">\n\t\t\t\t\t\t\t<p><a href=\"https:\/\/www.ciencuadras.com\/arriendo\/bello\/casa?autopauta=Ambos_Link__SEO_\">Casas en Arriendo en Bello<\/a><\/p><p><a href=\"https:\/\/www.ciencuadras.com\/arriendo\/bogota\/casa?autopauta=Ambos_Link__SEO_\">Casas en Arriendo en Bogot\u00e1<\/a><\/p><p><a href=\"https:\/\/www.ciencuadras.com\/arriendo\/bucaramanga\/casa?autopauta=Ambos_Link__SEO_\">Casas en Arriendo en Bucaramanga<\/a><\/p><p><a href=\"https:\/\/www.ciencuadras.com\/arriendo\/cali\/casa?autopauta=Ambos_Link__SEO_\">Casas en Arriendo en Cali<\/a><\/p><p><a href=\"https:\/\/www.ciencuadras.com\/arriendo\/chia\/casa?autopauta=Ambos_Link__SEO_\">Casas en Arriendo en Ch\u00eda<\/a><\/p><p><a href=\"https:\/\/www.ciencuadras.com\/arriendo\/casa?autopauta=Ambos_Link__SEO_\">Casas en arriendo en Colombia<\/a><\/p>\t\t\t\t\t\t<\/div>\n\t\t\t\t<\/div>\n\t\t\t\t\t<\/div>\n\t\t<\/div>\n\t\t\t\t\t<\/div>\n\t\t<\/section>\n\t\t\t\t<\/div>\n\t\t\n","protected":false},"excerpt":{"rendered":"<p>Contrato de arrendamiento vivienda urbana Un contrato de arrendamiento es un acuerdo de tipo legal que se realiza para establecer las condiciones de uso y &hellip;<\/p>\n","protected":false},"author":2,"featured_media":0,"parent":0,"menu_order":0,"comment_status":"closed","ping_status":"closed","template":"","meta":{"footnotes":""},"acf":[],"yoast_head":"<!-- This site is optimized with the Yoast SEO plugin v15.9 - https:\/\/yoast.com\/wordpress\/plugins\/seo\/ -->\n<title>Documentos Inmobiliarios |<\/title>\n<meta name=\"robots\" content=\"index, follow, max-snippet:-1, max-image-preview:large, max-video-preview:-1\" \/>\n<link rel=\"canonical\" href=\"https:\/\/www.ciencuadras.com\/blog\/documentos-inmobiliarios\" \/>\n<meta property=\"og:locale\" content=\"es_ES\" \/>\n<meta property=\"og:type\" content=\"article\" \/>\n<meta property=\"og:title\" content=\"Documentos Inmobiliarios |\" \/>\n<meta property=\"og:description\" content=\"Contrato de arrendamiento vivienda urbana Un contrato de arrendamiento es un acuerdo de tipo legal que se realiza para establecer las condiciones de uso y &hellip;\" \/>\n<meta property=\"og:url\" content=\"https:\/\/www.ciencuadras.com\/blog\/documentos-inmobiliarios\" \/>\n<meta property=\"article:publisher\" content=\"https:\/\/www.facebook.com\/ciencuadras\/\" \/>\n<meta property=\"article:modified_time\" content=\"2021-11-02T16:23:02+00:00\" \/>\n<meta property=\"og:image\" content=\"https:\/\/www.ciencuadras.com\/blog\/wp-content\/uploads\/2019\/06\/contrato-ley820.jpg\" \/>\n<meta name=\"twitter:card\" content=\"summary_large_image\" \/>\n<meta name=\"twitter:site\" content=\"@ciencuadras\" \/>\n<meta name=\"twitter:label1\" content=\"Est. reading time\">\n\t<meta name=\"twitter:data1\" content=\"2 minutos\">\n<script type=\"application\/ld+json\" class=\"yoast-schema-graph\">{\"@context\":\"https:\/\/schema.org\",\"@graph\":[{\"@type\":\"Organization\",\"@id\":\"https:\/\/www.ciencuadras.com\/blog\/#organization\",\"name\":\"Ciencuadras.com\",\"url\":\"https:\/\/www.ciencuadras.com\/blog\/\",\"sameAs\":[\"https:\/\/www.facebook.com\/ciencuadras\/\",\"https:\/\/www.instagram.com\/ciencuadras\/\",\"https:\/\/co.linkedin.com\/company\/ciencuadras\",\"https:\/\/www.youtube.com\/channel\/UC_f830HP5dUy6OjBIbjtlAw\",\"https:\/\/twitter.com\/ciencuadras\"],\"logo\":{\"@type\":\"ImageObject\",\"@id\":\"https:\/\/www.ciencuadras.com\/blog\/#logo\",\"inLanguage\":\"es-CO\",\"url\":\"\",\"caption\":\"Ciencuadras.com\"},\"image\":{\"@id\":\"https:\/\/www.ciencuadras.com\/blog\/#logo\"}},{\"@type\":\"WebSite\",\"@id\":\"https:\/\/www.ciencuadras.com\/blog\/#website\",\"url\":\"https:\/\/www.ciencuadras.com\/blog\/\",\"name\":\"\",\"description\":\"\",\"publisher\":{\"@id\":\"https:\/\/www.ciencuadras.com\/blog\/#organization\"},\"potentialAction\":[{\"@type\":\"SearchAction\",\"target\":\"https:\/\/www.ciencuadras.com\/blog\/?s={search_term_string}\",\"query-input\":\"required name=search_term_string\"}],\"inLanguage\":\"es-CO\"},{\"@type\":\"ImageObject\",\"@id\":\"https:\/\/www.ciencuadras.com\/blog\/documentos-inmobiliarios#primaryimage\",\"inLanguage\":\"es-CO\",\"url\":\"https:\/\/www.ciencuadras.com\/blog\/wp-content\/uploads\/2019\/06\/contrato-ley820.jpg\",\"width\":1000,\"height\":667,\"caption\":\"contrato ley820\"},{\"@type\":\"WebPage\",\"@id\":\"https:\/\/www.ciencuadras.com\/blog\/documentos-inmobiliarios#webpage\",\"url\":\"https:\/\/www.ciencuadras.com\/blog\/documentos-inmobiliarios\",\"name\":\"Documentos Inmobiliarios |\",\"isPartOf\":{\"@id\":\"https:\/\/www.ciencuadras.com\/blog\/#website\"},\"primaryImageOfPage\":{\"@id\":\"https:\/\/www.ciencuadras.com\/blog\/documentos-inmobiliarios#primaryimage\"},\"datePublished\":\"2021-11-02T16:15:36+00:00\",\"dateModified\":\"2021-11-02T16:23:02+00:00\",\"breadcrumb\":{\"@id\":\"https:\/\/www.ciencuadras.com\/blog\/documentos-inmobiliarios#breadcrumb\"},\"inLanguage\":\"es-CO\",\"potentialAction\":[{\"@type\":\"ReadAction\",\"target\":[\"https:\/\/www.ciencuadras.com\/blog\/documentos-inmobiliarios\"]}]},{\"@type\":\"BreadcrumbList\",\"@id\":\"https:\/\/www.ciencuadras.com\/blog\/documentos-inmobiliarios#breadcrumb\",\"itemListElement\":[{\"@type\":\"ListItem\",\"position\":1,\"item\":{\"@type\":\"WebPage\",\"@id\":\"https:\/\/www.ciencuadras.com\/blog\",\"url\":\"https:\/\/www.ciencuadras.com\/blog\",\"name\":\"Blog\"}},{\"@type\":\"ListItem\",\"position\":2,\"item\":{\"@type\":\"WebPage\",\"@id\":\"https:\/\/www.ciencuadras.com\/blog\/documentos-inmobiliarios\",\"url\":\"https:\/\/www.ciencuadras.com\/blog\/documentos-inmobiliarios\",\"name\":\"Documentos Inmobiliarios\"}}]}]}<\/script>\n<!-- \/ Yoast SEO plugin. -->","_links":{"self":[{"href":"https:\/\/www.ciencuadras.com\/blog\/wp-json\/wp\/v2\/pages\/93927"}],"collection":[{"href":"https:\/\/www.ciencuadras.com\/blog\/wp-json\/wp\/v2\/pages"}],"about":[{"href":"https:\/\/www.ciencuadras.com\/blog\/wp-json\/wp\/v2\/types\/page"}],"author":[{"embeddable":true,"href":"https:\/\/www.ciencuadras.com\/blog\/wp-json\/wp\/v2\/users\/2"}],"replies":[{"embeddable":true,"href":"https:\/\/www.ciencuadras.com\/blog\/wp-json\/wp\/v2\/comments?post=93927"}],"version-history":[{"count":4,"href":"https:\/\/www.ciencuadras.com\/blog\/wp-json\/wp\/v2\/pages\/93927\/revisions"}],"predecessor-version":[{"id":93932,"href":"https:\/\/www.ciencuadras.com\/blog\/wp-json\/wp\/v2\/pages\/93927\/revisions\/93932"}],"wp:attachment":[{"href":"https:\/\/www.ciencuadras.com\/blog\/wp-json\/wp\/v2\/media?parent=93927"}],"curies":[{"name":"wp","href":"https:\/\/api.w.org\/{rel}","templated":true}]}}